{"id":1278,"date":"2021-05-29T14:44:48","date_gmt":"2021-05-29T11:44:48","guid":{"rendered":"https:\/\/helsinkijazz-fi.hel7.wp-cloud.dev\/?page_id=1278"},"modified":"2025-01-08T09:27:44","modified_gmt":"2025-01-08T07:27:44","slug":"yhdistys","status":"publish","type":"page","link":"https:\/\/helsinkijazz.fi\/fi\/yhdistys\/","title":{"rendered":"Yhdistys"},"content":{"rendered":"\t\t<div data-elementor-type=\"wp-page\" data-elementor-id=\"1278\" class=\"elementor elementor-1278\" data-elementor-post-type=\"page\">\n\t\t\t\t\t\t<section class=\"elementor-section elementor-top-section elementor-element elementor-element-7401bb85 elementor-section-full_width elementor-section-height-default elementor-section-height-default\" data-id=\"7401bb85\" data-element_type=\"section\" data-e-type=\"section\" data-settings=\"{&quot;background_background&quot;:&quot;classic&quot;,&quot;background_motion_fx_motion_fx_scrolling&quot;:&quot;yes&quot;,&quot;shape_divider_bottom&quot;:&quot;tilt&quot;,&quot;background_motion_fx_scale_effect&quot;:&quot;yes&quot;,&quot;background_motion_fx_scale_range&quot;:{&quot;unit&quot;:&quot;%&quot;,&quot;size&quot;:&quot;&quot;,&quot;sizes&quot;:{&quot;start&quot;:9,&quot;end&quot;:89}},&quot;background_motion_fx_range&quot;:&quot;page&quot;,&quot;background_motion_fx_scale_direction&quot;:&quot;out-in&quot;,&quot;background_motion_fx_scale_speed&quot;:{&quot;unit&quot;:&quot;px&quot;,&quot;size&quot;:4,&quot;sizes&quot;:[]},&quot;background_motion_fx_devices&quot;:[&quot;desktop&quot;,&quot;tablet&quot;,&quot;mobile&quot;]}\">\n\t\t\t\t\t<div class=\"elementor-shape elementor-shape-bottom\" aria-hidden=\"true\" data-negative=\"false\">\n\t\t\t<svg xmlns=\"http:\/\/www.w3.org\/2000\/svg\" viewBox=\"0 0 1000 100\" preserveAspectRatio=\"none\">\n\t<path class=\"elementor-shape-fill\" d=\"M0,6V0h1000v100L0,6z\"\/>\n<\/svg>\t\t<\/div>\n\t\t\t\t\t<div class=\"elementor-container elementor-column-gap-default\">\n\t\t\t\t\t<div class=\"elementor-column elementor-col-100 elementor-top-column elementor-element elementor-element-50bdd986 sivun_ylapalkki\" data-id=\"50bdd986\" data-element_type=\"column\" data-e-type=\"column\" data-settings=\"{&quot;background_background&quot;:&quot;classic&quot;,&quot;background_motion_fx_motion_fx_scrolling&quot;:&quot;yes&quot;,&quot;background_motion_fx_devices&quot;:[&quot;desktop&quot;,&quot;tablet&quot;,&quot;mobile&quot;]}\">\n\t\t\t<div class=\"elementor-widget-wrap elementor-element-populated\">\n\t\t\t\t\t\t<div class=\"elementor-element elementor-element-4b42e25a elementor-widget elementor-widget-theme-post-title elementor-page-title elementor-widget-heading\" data-id=\"4b42e25a\" data-element_type=\"widget\" data-e-type=\"widget\" data-widget_type=\"theme-post-title.default\">\n\t\t\t\t<div class=\"elementor-widget-container\">\n\t\t\t\t\t<h1 class=\"elementor-heading-title elementor-size-xl\">Yhdistys<\/h1>\t\t\t\t<\/div>\n\t\t\t\t<\/div>\n\t\t\t\t\t<\/div>\n\t\t<\/div>\n\t\t\t\t\t<\/div>\n\t\t<\/section>\n\t\t\t\t<section class=\"elementor-section elementor-top-section elementor-element elementor-element-1e3832c elementor-section-boxed elementor-section-height-default elementor-section-height-default\" data-id=\"1e3832c\" data-element_type=\"section\" data-e-type=\"section\">\n\t\t\t\t\t\t<div class=\"elementor-container elementor-column-gap-default\">\n\t\t\t\t\t<div class=\"elementor-column elementor-col-100 elementor-top-column elementor-element elementor-element-629ba7d\" data-id=\"629ba7d\" data-element_type=\"column\" data-e-type=\"column\">\n\t\t\t<div class=\"elementor-widget-wrap elementor-element-populated\">\n\t\t\t\t\t\t<div class=\"elementor-element elementor-element-24a47e3 elementor-widget elementor-widget-heading\" data-id=\"24a47e3\" data-element_type=\"widget\" data-e-type=\"widget\" data-widget_type=\"heading.default\">\n\t\t\t\t<div class=\"elementor-widget-container\">\n\t\t\t\t\t<h2 class=\"elementor-heading-title elementor-size-default\">Helsinki Jazz ry<\/h2>\t\t\t\t<\/div>\n\t\t\t\t<\/div>\n\t\t\t\t<div class=\"elementor-element elementor-element-9c3f35c elementor-widget-divider--view-line elementor-widget elementor-widget-divider\" data-id=\"9c3f35c\" data-element_type=\"widget\" data-e-type=\"widget\" data-widget_type=\"divider.default\">\n\t\t\t\t<div class=\"elementor-widget-container\">\n\t\t\t\t\t\t\t<div class=\"elementor-divider\">\n\t\t\t<span class=\"elementor-divider-separator\">\n\t\t\t\t\t\t<\/span>\n\t\t<\/div>\n\t\t\t\t\t\t<\/div>\n\t\t\t\t<\/div>\n\t\t\t\t\t<\/div>\n\t\t<\/div>\n\t\t\t\t\t<\/div>\n\t\t<\/section>\n\t\t\t\t<section class=\"elementor-section elementor-top-section elementor-element elementor-element-e03efac elementor-section-boxed elementor-section-height-default elementor-section-height-default\" data-id=\"e03efac\" data-element_type=\"section\" data-e-type=\"section\">\n\t\t\t\t\t\t<div class=\"elementor-container elementor-column-gap-default\">\n\t\t\t\t\t<div class=\"elementor-column elementor-col-66 elementor-top-column elementor-element elementor-element-df19c19\" data-id=\"df19c19\" data-element_type=\"column\" data-e-type=\"column\">\n\t\t\t<div class=\"elementor-widget-wrap elementor-element-populated\">\n\t\t\t\t\t\t<div class=\"elementor-element elementor-element-6b1973a6 elementor-widget elementor-widget-text-editor\" data-id=\"6b1973a6\" data-element_type=\"widget\" data-e-type=\"widget\" data-widget_type=\"text-editor.default\">\n\t\t\t\t<div class=\"elementor-widget-container\">\n\t\t\t\t\t\t\t\t\t<p><strong>Helsinki Jazz ry<\/strong>:n ydintoimintana on j\u00e4rjest\u00e4\u00e4 jaZZanti-konsertteja ja -tapahtumia Helsingiss\u00e4 eri yhteisty\u00f6kumppanien kanssa. Konserttiohjelmamme koostuu nykyjazzista ja improvisoidusta musiikista korkeatasoisten suomalaisten ja ulkomaisten muusikoiden luomana. Konserteissa pyrimme luomaan v\u00e4litt\u00f6m\u00e4n vuorovaikutuksen muusikoiden ja yleis\u00f6n v\u00e4lill\u00e4, monet konserteistamme ovat t\u00e4ysin akustisia ja intiimej\u00e4.<\/p><p>Viime vuosina olemme aloittaneet yhteisty\u00f6n pohjoismaisten muusikoiden kanssa, alkuvaiheessa p\u00e4\u00e4asiassa ruotsalaisten muusikoiden kanssa. Jatkossa yhteisty\u00f6 laajenee my\u00f6s muihin pohjoismaihin.<\/p><p>T\u00e4rkeimm\u00e4t toimintamme tukijat ovat <strong>Helsingin kaupunki<\/strong> ja <strong>Musiikinedist\u00e4miss\u00e4\u00e4ti\u00f6<\/strong>. Muita tukijoita ovat <strong>Svenska Kulturfonden<\/strong> ja tapauskohtaisesti<strong> Taike<\/strong> ja muut yhteis\u00f6t.<\/p><p>Olemme <strong>Suomen Jazzliiton<\/strong>, <strong>LiveFIN<\/strong>in ja <strong>European Jazz Network<\/strong>in j\u00e4sen.<\/p><p>Helsinki Jazz ry:n juuret ovat Helsingin Yliopistossa, koska 60-luvun lopulla perustettiin Akateeminen Jazzkerho, jonka perint\u00f6n\u00e4 syntyi 1972 Helsinki Jazz ry ja rekister\u00f6inti yhdistysrekisteriin tapahtui 01.04.1974.<\/p><p>Olemme j\u00e4rjest\u00e4neet yhteisty\u00f6ss\u00e4 Helsingin kulttuurikeskuksen kanssa lukuisia tilaisuuksia, mm. 70-80-lukujen vaihteessa konsertteja Annan talossa, my\u00f6hemmin eri kulttuurikeskuksen toimipaikoissa ja jaZZanti-konsertteja on pidetty p\u00e4\u00e4asiassa ravintola Laulumiehiss\u00e4.<\/p><p>Tule nauttimaan antoisasta ja mielenpainuvasta musiikista konsertteihimme.<\/p><p>J\u00e4senmaksumme on<strong> 30 \u20ac<\/strong> vuodessa tai tukij\u00e4senmaksu <strong>70 \u20ac.<\/strong> J\u00e4senmaksulla saat kahden hengen konsertin normaalihintaiseen konserttiin ja tukij\u00e4senmaksulla saa kaksi konserttia kahdelle hengelle. Jos haluat liitty\u00e4 j\u00e4seneksemme, kirjaa nimesi j\u00e4senlistaamme konserteissamme, t\u00e4yt\u00e4 alla oleva lomake, tai ilmoita tietosi Sakari Puhakalle (<a href=\"mailto:sakari.puhakka@kolumbus.fi\">sakari.puhakka@kolumbus.fi<\/a>).<\/p>\t\t\t\t\t\t\t\t<\/div>\n\t\t\t\t<\/div>\n\t\t\t\t<div class=\"elementor-element elementor-element-3b1aa59 elementor-widget elementor-widget-heading\" data-id=\"3b1aa59\" data-element_type=\"widget\" data-e-type=\"widget\" data-widget_type=\"heading.default\">\n\t\t\t\t<div class=\"elementor-widget-container\">\n\t\t\t\t\t<h4 class=\"elementor-heading-title elementor-size-default\">Liity j\u00e4seneksemme:<\/h4>\t\t\t\t<\/div>\n\t\t\t\t<\/div>\n\t\t\t\t<div class=\"elementor-element elementor-element-02aa71a elementor-widget-divider--view-line elementor-widget elementor-widget-divider\" data-id=\"02aa71a\" data-element_type=\"widget\" data-e-type=\"widget\" data-widget_type=\"divider.default\">\n\t\t\t\t<div class=\"elementor-widget-container\">\n\t\t\t\t\t\t\t<div class=\"elementor-divider\">\n\t\t\t<span class=\"elementor-divider-separator\">\n\t\t\t\t\t\t<\/span>\n\t\t<\/div>\n\t\t\t\t\t\t<\/div>\n\t\t\t\t<\/div>\n\t\t\t\t<div class=\"elementor-element elementor-element-f8a1c15 elementor-button-align-stretch elementor-widget elementor-widget-form\" data-id=\"f8a1c15\" data-element_type=\"widget\" data-e-type=\"widget\" data-settings=\"{&quot;step_next_label&quot;:&quot;Next&quot;,&quot;step_previous_label&quot;:&quot;Previous&quot;,&quot;button_width&quot;:&quot;100&quot;,&quot;step_type&quot;:&quot;number_text&quot;,&quot;step_icon_shape&quot;:&quot;circle&quot;}\" data-widget_type=\"form.default\">\n\t\t\t\t<div class=\"elementor-widget-container\">\n\t\t\t\t\t\t\t<form class=\"elementor-form\" method=\"post\" name=\"Yhteydenottolomake\" aria-label=\"Yhteydenottolomake\">\n\t\t\t<input type=\"hidden\" name=\"post_id\" value=\"1278\"\/>\n\t\t\t<input type=\"hidden\" name=\"form_id\" value=\"f8a1c15\"\/>\n\t\t\t<input type=\"hidden\" name=\"referer_title\" value=\"Yhdistys - Helsinki Jazz ry\" \/>\n\n\t\t\t\t\t\t\t<input type=\"hidden\" name=\"queried_id\" value=\"1278\"\/>\n\t\t\t\n\t\t\t<div class=\"elementor-form-fields-wrapper elementor-labels-above\">\n\t\t\t\t\t\t\t\t<div class=\"elementor-field-type-text elementor-field-group elementor-column elementor-field-group-name elementor-col-100\">\n\t\t\t\t\t\t\t\t\t\t\t\t<label for=\"form-field-name\" class=\"elementor-field-label\">\n\t\t\t\t\t\t\t\tNimi\t\t\t\t\t\t\t<\/label>\n\t\t\t\t\t\t\t\t\t\t\t\t\t\t<input size=\"1\" type=\"text\" name=\"form_fields[name]\" id=\"form-field-name\" class=\"elementor-field elementor-size-md  elementor-field-textual\" placeholder=\"Nimi\">\n\t\t\t\t\t\t\t\t\t\t\t<\/div>\n\t\t\t\t\t\t\t\t<div class=\"elementor-field-type-email elementor-field-group elementor-column elementor-field-group-email elementor-col-100 elementor-field-required\">\n\t\t\t\t\t\t\t\t\t\t\t\t<label for=\"form-field-email\" class=\"elementor-field-label\">\n\t\t\t\t\t\t\t\tS\u00e4hk\u00f6postiosoite\t\t\t\t\t\t\t<\/label>\n\t\t\t\t\t\t\t\t\t\t\t\t\t\t<input size=\"1\" type=\"email\" name=\"form_fields[email]\" id=\"form-field-email\" class=\"elementor-field elementor-size-md  elementor-field-textual\" placeholder=\"Anna kelvollinen s\u00e4hk\u00f6postiosoite\" required=\"required\">\n\t\t\t\t\t\t\t\t\t\t\t<\/div>\n\t\t\t\t\t\t\t\t<div class=\"elementor-field-type-radio elementor-field-group elementor-column elementor-field-group-field_97724de elementor-col-100 elementor-field-required\">\n\t\t\t\t\t\t\t\t\t\t\t\t<label for=\"form-field-field_97724de\" class=\"elementor-field-label\">\n\t\t\t\t\t\t\t\tTilaa uutiskirjeemme\t\t\t\t\t\t\t<\/label>\n\t\t\t\t\t\t<div class=\"elementor-field-subgroup  \"><span class=\"elementor-field-option\"><input type=\"radio\" value=\"Kyll\u00e4, haluan vastaanottaa ajankohtaista tietoa Helsinki Jazz ry:lt\u00e4.\" id=\"form-field-field_97724de-0\" name=\"form_fields[field_97724de]\" required=\"required\"> <label for=\"form-field-field_97724de-0\">Kyll\u00e4, haluan vastaanottaa ajankohtaista tietoa Helsinki Jazz ry:lt\u00e4.<\/label><\/span><span class=\"elementor-field-option\"><input type=\"radio\" value=\"Ei kiitos\" id=\"form-field-field_97724de-1\" name=\"form_fields[field_97724de]\" required=\"required\"> <label for=\"form-field-field_97724de-1\">Ei kiitos<\/label><\/span><\/div>\t\t\t\t<\/div>\n\t\t\t\t\t\t\t\t<div class=\"elementor-field-type-recaptcha_v3 elementor-field-group elementor-column elementor-field-group-field_c9800b3 elementor-col-100 recaptcha_v3-bottomright\">\n\t\t\t\t\t<div class=\"elementor-field\" id=\"form-field-field_c9800b3\"><div class=\"elementor-g-recaptcha\" data-sitekey=\"6Lc-giMcAAAAAD24avfbzhdonqDrswaWuS9bHjw4\" data-type=\"v3\" data-action=\"Form\" data-badge=\"bottomright\" data-size=\"invisible\"><\/div><\/div>\t\t\t\t<\/div>\n\t\t\t\t\t\t\t\t<div class=\"elementor-field-group elementor-column elementor-field-type-submit elementor-col-100 e-form__buttons\">\n\t\t\t\t\t<button class=\"elementor-button elementor-size-sm\" type=\"submit\">\n\t\t\t\t\t\t<span class=\"elementor-button-content-wrapper\">\n\t\t\t\t\t\t\t\t\t\t\t\t\t\t\t\t\t\t\t\t\t\t<span class=\"elementor-button-text\">L\u00c4HET\u00c4<\/span>\n\t\t\t\t\t\t\t\t\t\t\t\t\t<\/span>\n\t\t\t\t\t<\/button>\n\t\t\t\t<\/div>\n\t\t\t<\/div>\n\t\t<\/form>\n\t\t\t\t\t\t<\/div>\n\t\t\t\t<\/div>\n\t\t\t\t<div class=\"elementor-element elementor-element-0020336 elementor-widget elementor-widget-spacer\" data-id=\"0020336\" data-element_type=\"widget\" data-e-type=\"widget\" data-widget_type=\"spacer.default\">\n\t\t\t\t<div class=\"elementor-widget-container\">\n\t\t\t\t\t\t\t<div class=\"elementor-spacer\">\n\t\t\t<div class=\"elementor-spacer-inner\"><\/div>\n\t\t<\/div>\n\t\t\t\t\t\t<\/div>\n\t\t\t\t<\/div>\n\t\t\t\t\t<\/div>\n\t\t<\/div>\n\t\t\t\t<div class=\"elementor-column elementor-col-33 elementor-top-column elementor-element elementor-element-5eaf8d6\" data-id=\"5eaf8d6\" data-element_type=\"column\" data-e-type=\"column\">\n\t\t\t<div class=\"elementor-widget-wrap elementor-element-populated\">\n\t\t\t\t\t\t<div class=\"elementor-element elementor-element-b56a80f elementor-invisible elementor-widget elementor-widget-image\" data-id=\"b56a80f\" data-element_type=\"widget\" data-e-type=\"widget\" data-settings=\"{&quot;_animation&quot;:&quot;zoomIn&quot;}\" data-widget_type=\"image.default\">\n\t\t\t\t<div class=\"elementor-widget-container\">\n\t\t\t\t\t\t\t\t\t\t\t\t\t\t\t<img fetchpriority=\"high\" decoding=\"async\" width=\"800\" height=\"222\" src=\"https:\/\/helsinkijazz.fi\/wp-content\/uploads\/2021\/05\/helsinki_jazz_logo-1024x284.png\" class=\"attachment-large size-large wp-image-1672\" alt=\"\" srcset=\"https:\/\/helsinkijazz.fi\/wp-content\/uploads\/2021\/05\/helsinki_jazz_logo-1024x284.png 1024w, https:\/\/helsinkijazz.fi\/wp-content\/uploads\/2021\/05\/helsinki_jazz_logo-480x133.png 480w, https:\/\/helsinkijazz.fi\/wp-content\/uploads\/2021\/05\/helsinki_jazz_logo-768x213.png 768w, https:\/\/helsinkijazz.fi\/wp-content\/uploads\/2021\/05\/helsinki_jazz_logo.png 1033w\" sizes=\"(max-width: 800px) 100vw, 800px\" \/>\t\t\t\t\t\t\t\t\t\t\t\t\t\t\t<\/div>\n\t\t\t\t<\/div>\n\t\t\t\t<div class=\"elementor-element elementor-element-3f079b4 elementor-invisible elementor-widget elementor-widget-image\" data-id=\"3f079b4\" data-element_type=\"widget\" data-e-type=\"widget\" data-settings=\"{&quot;_animation&quot;:&quot;zoomIn&quot;,&quot;_animation_delay&quot;:300}\" data-widget_type=\"image.default\">\n\t\t\t\t<div class=\"elementor-widget-container\">\n\t\t\t\t\t\t\t\t\t\t\t\t\t\t\t<img decoding=\"async\" width=\"800\" height=\"207\" src=\"https:\/\/helsinkijazz.fi\/wp-content\/uploads\/2021\/05\/jazzanti-1-1024x265.jpg\" class=\"attachment-large size-large wp-image-1653\" alt=\"\" srcset=\"https:\/\/helsinkijazz.fi\/wp-content\/uploads\/2021\/05\/jazzanti-1-1024x265.jpg 1024w, https:\/\/helsinkijazz.fi\/wp-content\/uploads\/2021\/05\/jazzanti-1-480x124.jpg 480w, https:\/\/helsinkijazz.fi\/wp-content\/uploads\/2021\/05\/jazzanti-1-768x199.jpg 768w, https:\/\/helsinkijazz.fi\/wp-content\/uploads\/2021\/05\/jazzanti-1.jpg 1046w\" sizes=\"(max-width: 800px) 100vw, 800px\" \/>\t\t\t\t\t\t\t\t\t\t\t\t\t\t\t<\/div>\n\t\t\t\t<\/div>\n\t\t\t\t<div class=\"elementor-element elementor-element-eb39722 elementor-invisible elementor-widget elementor-widget-image\" data-id=\"eb39722\" data-element_type=\"widget\" data-e-type=\"widget\" data-settings=\"{&quot;_animation&quot;:&quot;zoomIn&quot;,&quot;_animation_delay&quot;:300}\" data-widget_type=\"image.default\">\n\t\t\t\t<div class=\"elementor-widget-container\">\n\t\t\t\t\t\t\t\t\t\t\t\t\t\t\t\t<a href=\"https:\/\/www.europejazz.net\/\" target=\"_blank\">\n\t\t\t\t\t\t\t<img decoding=\"async\" width=\"340\" height=\"96\" src=\"https:\/\/helsinkijazz.fi\/wp-content\/uploads\/2021\/07\/EJN_logo.png\" class=\"attachment-full size-full wp-image-2340\" alt=\"\" \/>\t\t\t\t\t\t\t\t<\/a>\n\t\t\t\t\t\t\t\t\t\t\t\t\t\t\t<\/div>\n\t\t\t\t<\/div>\n\t\t\t\t<div class=\"elementor-element elementor-element-144877e elementor-invisible elementor-widget elementor-widget-image\" data-id=\"144877e\" data-element_type=\"widget\" data-e-type=\"widget\" data-settings=\"{&quot;_animation&quot;:&quot;zoomIn&quot;,&quot;_animation_delay&quot;:300}\" data-widget_type=\"image.default\">\n\t\t\t\t<div class=\"elementor-widget-container\">\n\t\t\t\t\t\t\t\t\t\t\t\t\t\t\t\t<a href=\"http:\/\/jazzfinland.fi\/jazzliitto\" target=\"_blank\">\n\t\t\t\t\t\t\t<img loading=\"lazy\" decoding=\"async\" width=\"1460\" height=\"483\" src=\"https:\/\/helsinkijazz.fi\/wp-content\/uploads\/2022\/09\/suomenjazzliitto-logo-vaaka-01.png\" class=\"attachment-full size-full wp-image-4217\" alt=\"\" srcset=\"https:\/\/helsinkijazz.fi\/wp-content\/uploads\/2022\/09\/suomenjazzliitto-logo-vaaka-01.png 1460w, https:\/\/helsinkijazz.fi\/wp-content\/uploads\/2022\/09\/suomenjazzliitto-logo-vaaka-01-480x159.png 480w, https:\/\/helsinkijazz.fi\/wp-content\/uploads\/2022\/09\/suomenjazzliitto-logo-vaaka-01-1024x339.png 1024w, https:\/\/helsinkijazz.fi\/wp-content\/uploads\/2022\/09\/suomenjazzliitto-logo-vaaka-01-768x254.png 768w\" sizes=\"(max-width: 1460px) 100vw, 1460px\" \/>\t\t\t\t\t\t\t\t<\/a>\n\t\t\t\t\t\t\t\t\t\t\t\t\t\t\t<\/div>\n\t\t\t\t<\/div>\n\t\t\t\t<div class=\"elementor-element elementor-element-788ba91 elementor-invisible elementor-widget elementor-widget-image\" data-id=\"788ba91\" data-element_type=\"widget\" data-e-type=\"widget\" data-settings=\"{&quot;_animation&quot;:&quot;zoomIn&quot;,&quot;_animation_delay&quot;:300}\" data-widget_type=\"image.default\">\n\t\t\t\t<div class=\"elementor-widget-container\">\n\t\t\t\t\t\t\t\t\t\t\t\t\t\t\t\t<a href=\"https:\/\/www.livefin.fi\/\" target=\"_blank\">\n\t\t\t\t\t\t\t<img loading=\"lazy\" decoding=\"async\" width=\"813\" height=\"182\" src=\"https:\/\/helsinkijazz.fi\/wp-content\/uploads\/2021\/07\/LiveFIN_logo_tausta2-900x400-1.png\" class=\"attachment-full size-full wp-image-2368\" alt=\"\" srcset=\"https:\/\/helsinkijazz.fi\/wp-content\/uploads\/2021\/07\/LiveFIN_logo_tausta2-900x400-1.png 813w, https:\/\/helsinkijazz.fi\/wp-content\/uploads\/2021\/07\/LiveFIN_logo_tausta2-900x400-1-480x107.png 480w, https:\/\/helsinkijazz.fi\/wp-content\/uploads\/2021\/07\/LiveFIN_logo_tausta2-900x400-1-768x172.png 768w\" sizes=\"(max-width: 813px) 100vw, 813px\" \/>\t\t\t\t\t\t\t\t<\/a>\n\t\t\t\t\t\t\t\t\t\t\t\t\t\t\t<\/div>\n\t\t\t\t<\/div>\n\t\t\t\t\t<\/div>\n\t\t<\/div>\n\t\t\t\t\t<\/div>\n\t\t<\/section>\n\t\t\t\t<\/div>\n\t\t","protected":false},"excerpt":{"rendered":"<p>Helsinki Jazz ry Helsinki Jazz ry:n ydintoimintana on j\u00e4rjest\u00e4\u00e4 jaZZanti-konsertteja ja -tapahtumia Helsingiss\u00e4 eri yhteisty\u00f6kumppanien kanssa. Konserttiohjelmamme koostuu nykyjazzista ja improvisoidusta musiikista korkeatasoisten suomalaisten ja ulkomaisten muusikoiden luomana. Konserteissa pyrimme [&hellip;]<\/p>\n","protected":false},"author":2,"featured_media":1195,"parent":0,"menu_order":0,"comment_status":"closed","ping_status":"closed","template":"elementor_header_footer","meta":{"_monsterinsights_skip_tracking":false,"_monsterinsights_sitenote_active":false,"_monsterinsights_sitenote_note":"","_monsterinsights_sitenote_category":0,"footnotes":""},"class_list":["post-1278","page","type-page","status-publish","has-post-thumbnail","hentry"],"yoast_head":"<!-- This site is optimized with the Yoast SEO plugin v27.3 - https:\/\/yoast.com\/product\/yoast-seo-wordpress\/ -->\n<title>Yhdistys - Helsinki Jazz ry<\/title>\n<meta name=\"robots\" content=\"index, follow, max-snippet:-1, max-image-preview:large, max-video-preview:-1\" \/>\n<link rel=\"canonical\" href=\"https:\/\/helsinkijazz.fi\/fi\/yhdistys\/\" \/>\n<meta property=\"og:locale\" content=\"fi_FI\" \/>\n<meta property=\"og:type\" content=\"article\" \/>\n<meta property=\"og:title\" content=\"Yhdistys - Helsinki Jazz ry\" \/>\n<meta property=\"og:description\" content=\"Helsinki Jazz ry Helsinki Jazz ry:n ydintoimintana on j\u00e4rjest\u00e4\u00e4 jaZZanti-konsertteja ja -tapahtumia Helsingiss\u00e4 eri yhteisty\u00f6kumppanien kanssa. Konserttiohjelmamme koostuu nykyjazzista ja improvisoidusta musiikista korkeatasoisten suomalaisten ja ulkomaisten muusikoiden luomana. Konserteissa pyrimme [&hellip;]\" \/>\n<meta property=\"og:url\" content=\"https:\/\/helsinkijazz.fi\/fi\/yhdistys\/\" \/>\n<meta property=\"og:site_name\" content=\"Helsinki Jazz ry\" \/>\n<meta property=\"article:modified_time\" content=\"2025-01-08T07:27:44+00:00\" \/>\n<meta property=\"og:image\" content=\"https:\/\/helsinkijazz.fi\/wp-content\/uploads\/2021\/05\/1.jpg\" \/>\n\t<meta property=\"og:image:width\" content=\"2150\" \/>\n\t<meta property=\"og:image:height\" content=\"683\" \/>\n\t<meta property=\"og:image:type\" content=\"image\/jpeg\" \/>\n<meta name=\"twitter:card\" content=\"summary_large_image\" \/>\n<meta name=\"twitter:label1\" content=\"Arvioitu lukuaika\" \/>\n\t<meta name=\"twitter:data1\" content=\"3 minuuttia\" \/>\n<script type=\"application\/ld+json\" class=\"yoast-schema-graph\">{\"@context\":\"https:\\\/\\\/schema.org\",\"@graph\":[{\"@type\":\"WebPage\",\"@id\":\"https:\\\/\\\/helsinkijazz.fi\\\/fi\\\/yhdistys\\\/\",\"url\":\"https:\\\/\\\/helsinkijazz.fi\\\/fi\\\/yhdistys\\\/\",\"name\":\"Yhdistys - Helsinki Jazz ry\",\"isPartOf\":{\"@id\":\"https:\\\/\\\/helsinkijazz.fi\\\/en\\\/#website\"},\"primaryImageOfPage\":{\"@id\":\"https:\\\/\\\/helsinkijazz.fi\\\/fi\\\/yhdistys\\\/#primaryimage\"},\"image\":{\"@id\":\"https:\\\/\\\/helsinkijazz.fi\\\/fi\\\/yhdistys\\\/#primaryimage\"},\"thumbnailUrl\":\"https:\\\/\\\/helsinkijazz.fi\\\/wp-content\\\/uploads\\\/2021\\\/05\\\/1.jpg\",\"datePublished\":\"2021-05-29T11:44:48+00:00\",\"dateModified\":\"2025-01-08T07:27:44+00:00\",\"breadcrumb\":{\"@id\":\"https:\\\/\\\/helsinkijazz.fi\\\/fi\\\/yhdistys\\\/#breadcrumb\"},\"inLanguage\":\"fi\",\"potentialAction\":[{\"@type\":\"ReadAction\",\"target\":[\"https:\\\/\\\/helsinkijazz.fi\\\/fi\\\/yhdistys\\\/\"]}]},{\"@type\":\"ImageObject\",\"inLanguage\":\"fi\",\"@id\":\"https:\\\/\\\/helsinkijazz.fi\\\/fi\\\/yhdistys\\\/#primaryimage\",\"url\":\"https:\\\/\\\/helsinkijazz.fi\\\/wp-content\\\/uploads\\\/2021\\\/05\\\/1.jpg\",\"contentUrl\":\"https:\\\/\\\/helsinkijazz.fi\\\/wp-content\\\/uploads\\\/2021\\\/05\\\/1.jpg\",\"width\":2150,\"height\":683},{\"@type\":\"BreadcrumbList\",\"@id\":\"https:\\\/\\\/helsinkijazz.fi\\\/fi\\\/yhdistys\\\/#breadcrumb\",\"itemListElement\":[{\"@type\":\"ListItem\",\"position\":1,\"name\":\"Home\",\"item\":\"https:\\\/\\\/helsinkijazz.fi\\\/fi\\\/\"},{\"@type\":\"ListItem\",\"position\":2,\"name\":\"Yhdistys\"}]},{\"@type\":\"WebSite\",\"@id\":\"https:\\\/\\\/helsinkijazz.fi\\\/en\\\/#website\",\"url\":\"https:\\\/\\\/helsinkijazz.fi\\\/en\\\/\",\"name\":\"Helsinki Jazz ry\",\"description\":\"\",\"potentialAction\":[{\"@type\":\"SearchAction\",\"target\":{\"@type\":\"EntryPoint\",\"urlTemplate\":\"https:\\\/\\\/helsinkijazz.fi\\\/en\\\/?s={search_term_string}\"},\"query-input\":{\"@type\":\"PropertyValueSpecification\",\"valueRequired\":true,\"valueName\":\"search_term_string\"}}],\"inLanguage\":\"fi\"}]}<\/script>\n<!-- \/ Yoast SEO plugin. -->","yoast_head_json":{"title":"Yhdistys - Helsinki Jazz ry","robots":{"index":"index","follow":"follow","max-snippet":"max-snippet:-1","max-image-preview":"max-image-preview:large","max-video-preview":"max-video-preview:-1"},"canonical":"https:\/\/helsinkijazz.fi\/fi\/yhdistys\/","og_locale":"fi_FI","og_type":"article","og_title":"Yhdistys - Helsinki Jazz ry","og_description":"Helsinki Jazz ry Helsinki Jazz ry:n ydintoimintana on j\u00e4rjest\u00e4\u00e4 jaZZanti-konsertteja ja -tapahtumia Helsingiss\u00e4 eri yhteisty\u00f6kumppanien kanssa. Konserttiohjelmamme koostuu nykyjazzista ja improvisoidusta musiikista korkeatasoisten suomalaisten ja ulkomaisten muusikoiden luomana. Konserteissa pyrimme [&hellip;]","og_url":"https:\/\/helsinkijazz.fi\/fi\/yhdistys\/","og_site_name":"Helsinki Jazz ry","article_modified_time":"2025-01-08T07:27:44+00:00","og_image":[{"width":2150,"height":683,"url":"https:\/\/helsinkijazz.fi\/wp-content\/uploads\/2021\/05\/1.jpg","type":"image\/jpeg"}],"twitter_card":"summary_large_image","twitter_misc":{"Arvioitu lukuaika":"3 minuuttia"},"schema":{"@context":"https:\/\/schema.org","@graph":[{"@type":"WebPage","@id":"https:\/\/helsinkijazz.fi\/fi\/yhdistys\/","url":"https:\/\/helsinkijazz.fi\/fi\/yhdistys\/","name":"Yhdistys - Helsinki Jazz ry","isPartOf":{"@id":"https:\/\/helsinkijazz.fi\/en\/#website"},"primaryImageOfPage":{"@id":"https:\/\/helsinkijazz.fi\/fi\/yhdistys\/#primaryimage"},"image":{"@id":"https:\/\/helsinkijazz.fi\/fi\/yhdistys\/#primaryimage"},"thumbnailUrl":"https:\/\/helsinkijazz.fi\/wp-content\/uploads\/2021\/05\/1.jpg","datePublished":"2021-05-29T11:44:48+00:00","dateModified":"2025-01-08T07:27:44+00:00","breadcrumb":{"@id":"https:\/\/helsinkijazz.fi\/fi\/yhdistys\/#breadcrumb"},"inLanguage":"fi","potentialAction":[{"@type":"ReadAction","target":["https:\/\/helsinkijazz.fi\/fi\/yhdistys\/"]}]},{"@type":"ImageObject","inLanguage":"fi","@id":"https:\/\/helsinkijazz.fi\/fi\/yhdistys\/#primaryimage","url":"https:\/\/helsinkijazz.fi\/wp-content\/uploads\/2021\/05\/1.jpg","contentUrl":"https:\/\/helsinkijazz.fi\/wp-content\/uploads\/2021\/05\/1.jpg","width":2150,"height":683},{"@type":"BreadcrumbList","@id":"https:\/\/helsinkijazz.fi\/fi\/yhdistys\/#breadcrumb","itemListElement":[{"@type":"ListItem","position":1,"name":"Home","item":"https:\/\/helsinkijazz.fi\/fi\/"},{"@type":"ListItem","position":2,"name":"Yhdistys"}]},{"@type":"WebSite","@id":"https:\/\/helsinkijazz.fi\/en\/#website","url":"https:\/\/helsinkijazz.fi\/en\/","name":"Helsinki Jazz ry","description":"","potentialAction":[{"@type":"SearchAction","target":{"@type":"EntryPoint","urlTemplate":"https:\/\/helsinkijazz.fi\/en\/?s={search_term_string}"},"query-input":{"@type":"PropertyValueSpecification","valueRequired":true,"valueName":"search_term_string"}}],"inLanguage":"fi"}]}},"_links":{"self":[{"href":"https:\/\/helsinkijazz.fi\/fi\/wp-json\/wp\/v2\/pages\/1278","targetHints":{"allow":["GET"]}}],"collection":[{"href":"https:\/\/helsinkijazz.fi\/fi\/wp-json\/wp\/v2\/pages"}],"about":[{"href":"https:\/\/helsinkijazz.fi\/fi\/wp-json\/wp\/v2\/types\/page"}],"author":[{"embeddable":true,"href":"https:\/\/helsinkijazz.fi\/fi\/wp-json\/wp\/v2\/users\/2"}],"replies":[{"embeddable":true,"href":"https:\/\/helsinkijazz.fi\/fi\/wp-json\/wp\/v2\/comments?post=1278"}],"version-history":[{"count":20,"href":"https:\/\/helsinkijazz.fi\/fi\/wp-json\/wp\/v2\/pages\/1278\/revisions"}],"predecessor-version":[{"id":5505,"href":"https:\/\/helsinkijazz.fi\/fi\/wp-json\/wp\/v2\/pages\/1278\/revisions\/5505"}],"wp:featuredmedia":[{"embeddable":true,"href":"https:\/\/helsinkijazz.fi\/fi\/wp-json\/wp\/v2\/media\/1195"}],"wp:attachment":[{"href":"https:\/\/helsinkijazz.fi\/fi\/wp-json\/wp\/v2\/media?parent=1278"}],"curies":[{"name":"wp","href":"https:\/\/api.w.org\/{rel}","templated":true}]}}