{"id":2491,"date":"2021-05-29T14:44:48","date_gmt":"2021-05-29T11:44:48","guid":{"rendered":"https:\/\/helsinkijazz-fi.hel7.wp-cloud.dev\/yhdistys\/"},"modified":"2025-01-08T09:28:25","modified_gmt":"2025-01-08T07:28:25","slug":"forening","status":"publish","type":"page","link":"https:\/\/helsinkijazz.fi\/sv\/forening\/","title":{"rendered":"F\u00f6rening"},"content":{"rendered":"\t\t<div data-elementor-type=\"wp-page\" data-elementor-id=\"2491\" class=\"elementor elementor-2491 elementor-1278\" data-elementor-post-type=\"page\">\n\t\t\t\t\t\t<section class=\"elementor-section elementor-top-section elementor-element elementor-element-7401bb85 elementor-section-full_width elementor-section-height-default elementor-section-height-default\" data-id=\"7401bb85\" data-element_type=\"section\" data-e-type=\"section\" data-settings=\"{&quot;background_background&quot;:&quot;classic&quot;,&quot;background_motion_fx_motion_fx_scrolling&quot;:&quot;yes&quot;,&quot;shape_divider_bottom&quot;:&quot;tilt&quot;,&quot;background_motion_fx_scale_effect&quot;:&quot;yes&quot;,&quot;background_motion_fx_scale_range&quot;:{&quot;unit&quot;:&quot;%&quot;,&quot;size&quot;:&quot;&quot;,&quot;sizes&quot;:{&quot;start&quot;:9,&quot;end&quot;:89}},&quot;background_motion_fx_range&quot;:&quot;page&quot;,&quot;background_motion_fx_scale_direction&quot;:&quot;out-in&quot;,&quot;background_motion_fx_scale_speed&quot;:{&quot;unit&quot;:&quot;px&quot;,&quot;size&quot;:4,&quot;sizes&quot;:[]},&quot;background_motion_fx_devices&quot;:[&quot;desktop&quot;,&quot;tablet&quot;,&quot;mobile&quot;]}\">\n\t\t\t\t\t<div class=\"elementor-shape elementor-shape-bottom\" aria-hidden=\"true\" data-negative=\"false\">\n\t\t\t<svg xmlns=\"http:\/\/www.w3.org\/2000\/svg\" viewBox=\"0 0 1000 100\" preserveAspectRatio=\"none\">\n\t<path class=\"elementor-shape-fill\" d=\"M0,6V0h1000v100L0,6z\"\/>\n<\/svg>\t\t<\/div>\n\t\t\t\t\t<div class=\"elementor-container elementor-column-gap-default\">\n\t\t\t\t\t<div class=\"elementor-column elementor-col-100 elementor-top-column elementor-element elementor-element-50bdd986 sivun_ylapalkki\" data-id=\"50bdd986\" data-element_type=\"column\" data-e-type=\"column\" data-settings=\"{&quot;background_background&quot;:&quot;classic&quot;,&quot;background_motion_fx_motion_fx_scrolling&quot;:&quot;yes&quot;,&quot;background_motion_fx_devices&quot;:[&quot;desktop&quot;,&quot;tablet&quot;,&quot;mobile&quot;]}\">\n\t\t\t<div class=\"elementor-widget-wrap elementor-element-populated\">\n\t\t\t\t\t\t<div class=\"elementor-element elementor-element-4b42e25a elementor-widget elementor-widget-theme-post-title elementor-page-title elementor-widget-heading\" data-id=\"4b42e25a\" data-element_type=\"widget\" data-e-type=\"widget\" data-widget_type=\"theme-post-title.default\">\n\t\t\t\t<div class=\"elementor-widget-container\">\n\t\t\t\t\t<h1 class=\"elementor-heading-title elementor-size-xl\">F\u00f6rening<\/h1>\t\t\t\t<\/div>\n\t\t\t\t<\/div>\n\t\t\t\t\t<\/div>\n\t\t<\/div>\n\t\t\t\t\t<\/div>\n\t\t<\/section>\n\t\t\t\t<section class=\"elementor-section elementor-top-section elementor-element elementor-element-1e3832c elementor-section-boxed elementor-section-height-default elementor-section-height-default\" data-id=\"1e3832c\" data-element_type=\"section\" data-e-type=\"section\">\n\t\t\t\t\t\t<div class=\"elementor-container elementor-column-gap-default\">\n\t\t\t\t\t<div class=\"elementor-column elementor-col-100 elementor-top-column elementor-element elementor-element-629ba7d\" data-id=\"629ba7d\" data-element_type=\"column\" data-e-type=\"column\">\n\t\t\t<div class=\"elementor-widget-wrap elementor-element-populated\">\n\t\t\t\t\t\t<div class=\"elementor-element elementor-element-24a47e3 elementor-widget elementor-widget-heading\" data-id=\"24a47e3\" data-element_type=\"widget\" data-e-type=\"widget\" data-widget_type=\"heading.default\">\n\t\t\t\t<div class=\"elementor-widget-container\">\n\t\t\t\t\t<h2 class=\"elementor-heading-title elementor-size-default\">Helsinki Jazz rf<\/h2>\t\t\t\t<\/div>\n\t\t\t\t<\/div>\n\t\t\t\t<div class=\"elementor-element elementor-element-9c3f35c elementor-widget-divider--view-line elementor-widget elementor-widget-divider\" data-id=\"9c3f35c\" data-element_type=\"widget\" data-e-type=\"widget\" data-widget_type=\"divider.default\">\n\t\t\t\t<div class=\"elementor-widget-container\">\n\t\t\t\t\t\t\t<div class=\"elementor-divider\">\n\t\t\t<span class=\"elementor-divider-separator\">\n\t\t\t\t\t\t<\/span>\n\t\t<\/div>\n\t\t\t\t\t\t<\/div>\n\t\t\t\t<\/div>\n\t\t\t\t\t<\/div>\n\t\t<\/div>\n\t\t\t\t\t<\/div>\n\t\t<\/section>\n\t\t\t\t<section class=\"elementor-section elementor-top-section elementor-element elementor-element-e03efac elementor-section-boxed elementor-section-height-default elementor-section-height-default\" data-id=\"e03efac\" data-element_type=\"section\" data-e-type=\"section\">\n\t\t\t\t\t\t<div class=\"elementor-container elementor-column-gap-default\">\n\t\t\t\t\t<div class=\"elementor-column elementor-col-66 elementor-top-column elementor-element elementor-element-df19c19\" data-id=\"df19c19\" data-element_type=\"column\" data-e-type=\"column\">\n\t\t\t<div class=\"elementor-widget-wrap elementor-element-populated\">\n\t\t\t\t\t\t<div class=\"elementor-element elementor-element-6b1973a6 elementor-widget elementor-widget-text-editor\" data-id=\"6b1973a6\" data-element_type=\"widget\" data-e-type=\"widget\" data-widget_type=\"text-editor.default\">\n\t\t\t\t<div class=\"elementor-widget-container\">\n\t\t\t\t\t\t\t\t\t<p>Helsinki Jazz rf:s k\u00e4rnverksamhet \u00e4r organisering av jaZZanti-konserter och -evenemang i Helsingfors med olika samarbetspartners. V\u00e5rt konsertprogram best\u00e5r av samtida jazz och improviserad musik skapad av finl\u00e4ndska och utl\u00e4ndska musiker av h\u00f6g kvalitet. P\u00e5 konserterna str\u00e4var vi efter att skapa en omedelbar interaktion mellan musikerna och publiken. M\u00e5nga av v\u00e5ra konserter \u00e4r helt akustiska och intima.<br \/>De senaste \u00e5ren har vi b\u00f6rjat samarbeta med nordiska musiker, i b\u00f6rjan fr\u00e4mst med svenska musiker. I framtiden kommer samarbetet ocks\u00e5 utvidgas till andra nordiska l\u00e4nder.<\/p><p>De viktigaste uppbackare av v\u00e5r verksamhet \u00e4r <b>Helsingfors stad<\/b> och <b>Music Promotion Foundation<\/b>. Andra sponsorer inkluderar <b>Svenska Kulturfonden<\/b> och fr\u00e5n fall till fall <b>Taike<\/b> och andra samfund.<\/p><p>Vi \u00e4r medlemmar i <b>Suomen Jazzliitto<\/b>, <b>LiveFIN<\/b> och <b>European Jazz Network (EJN)<\/b>.<\/p><p>Helsinki Jazz rf har sina r\u00f6tter i Helsingfors universitet, f\u00f6r i slutet av 60-talet grundades Akateeminen Jazzkerho, och som dess arvtagare f\u00f6ddes Helsinki Jazz rf och det blev registrerad 01.04.1974.<\/p><p>I samarbete med Helsingfors kulturcenter har vi anordnat ett flertal evenemang, t.ex. vid skiftet av sjuttio- och \u00e5ttiotalet har konserter h\u00e5llits i Anneg\u00e5rden, senare p\u00e5 olika kulturcentrum och jaZZanti-konserter fr\u00e4mst i restaurangen Laulumiehet.<\/p><p>Kom och njut av den berikande och imponerande musiken till v\u00e5ra konserter.<\/p><p>V\u00e5r medlemsavgift \u00e4r <strong>30<\/strong> \u20ac per \u00e5r, alternativt\u00a0 supportavgift <strong>70<\/strong> \u20ac per \u00e5r. Medlemsavgiften ger dig en konsert f\u00f6r tv\u00e5 personer f\u00f6r en konsert till normalt pris och supportavgiften ger dig tv\u00e5 konserter f\u00f6r tv\u00e5 personer. Om du vill bli medlem, registrera ditt namn i v\u00e5r medlemslista p\u00e5 v\u00e5ra konserter eller meddela din information till Sakari Puhakka (sakari.puhakka at kolumbus.fi)<\/p>\t\t\t\t\t\t\t\t<\/div>\n\t\t\t\t<\/div>\n\t\t\t\t<div class=\"elementor-element elementor-element-3b1aa59 elementor-widget elementor-widget-heading\" data-id=\"3b1aa59\" data-element_type=\"widget\" data-e-type=\"widget\" data-widget_type=\"heading.default\">\n\t\t\t\t<div class=\"elementor-widget-container\">\n\t\t\t\t\t<h4 class=\"elementor-heading-title elementor-size-default\">Bli v\u00e5r medlem:<\/h4>\t\t\t\t<\/div>\n\t\t\t\t<\/div>\n\t\t\t\t<div class=\"elementor-element elementor-element-02aa71a elementor-widget-divider--view-line elementor-widget elementor-widget-divider\" data-id=\"02aa71a\" data-element_type=\"widget\" data-e-type=\"widget\" data-widget_type=\"divider.default\">\n\t\t\t\t<div class=\"elementor-widget-container\">\n\t\t\t\t\t\t\t<div class=\"elementor-divider\">\n\t\t\t<span class=\"elementor-divider-separator\">\n\t\t\t\t\t\t<\/span>\n\t\t<\/div>\n\t\t\t\t\t\t<\/div>\n\t\t\t\t<\/div>\n\t\t\t\t<div class=\"elementor-element elementor-element-f8a1c15 elementor-button-align-stretch elementor-widget elementor-widget-form\" data-id=\"f8a1c15\" data-element_type=\"widget\" data-e-type=\"widget\" data-settings=\"{&quot;step_next_label&quot;:&quot;Next&quot;,&quot;step_previous_label&quot;:&quot;Previous&quot;,&quot;button_width&quot;:&quot;100&quot;,&quot;step_type&quot;:&quot;number_text&quot;,&quot;step_icon_shape&quot;:&quot;circle&quot;}\" data-widget_type=\"form.default\">\n\t\t\t\t<div class=\"elementor-widget-container\">\n\t\t\t\t\t\t\t<form class=\"elementor-form\" method=\"post\" name=\"Yhteydenottolomake\" aria-label=\"Yhteydenottolomake\">\n\t\t\t<input type=\"hidden\" name=\"post_id\" value=\"2491\"\/>\n\t\t\t<input type=\"hidden\" name=\"form_id\" value=\"f8a1c15\"\/>\n\t\t\t<input type=\"hidden\" name=\"referer_title\" value=\"F\u00f6rening - Helsinki Jazz ry\" \/>\n\n\t\t\t\t\t\t\t<input type=\"hidden\" name=\"queried_id\" value=\"2491\"\/>\n\t\t\t\n\t\t\t<div class=\"elementor-form-fields-wrapper elementor-labels-above\">\n\t\t\t\t\t\t\t\t<div class=\"elementor-field-type-text elementor-field-group elementor-column elementor-field-group-name elementor-col-100\">\n\t\t\t\t\t\t\t\t\t\t\t\t<label for=\"form-field-name\" class=\"elementor-field-label\">\n\t\t\t\t\t\t\t\tNamnet\t\t\t\t\t\t\t<\/label>\n\t\t\t\t\t\t\t\t\t\t\t\t\t\t<input size=\"1\" type=\"text\" name=\"form_fields[name]\" id=\"form-field-name\" class=\"elementor-field elementor-size-md  elementor-field-textual\" placeholder=\"Namnet\">\n\t\t\t\t\t\t\t\t\t\t\t<\/div>\n\t\t\t\t\t\t\t\t<div class=\"elementor-field-type-email elementor-field-group elementor-column elementor-field-group-email elementor-col-100 elementor-field-required\">\n\t\t\t\t\t\t\t\t\t\t\t\t<label for=\"form-field-email\" class=\"elementor-field-label\">\n\t\t\t\t\t\t\t\tE-post adress\t\t\t\t\t\t\t<\/label>\n\t\t\t\t\t\t\t\t\t\t\t\t\t\t<input size=\"1\" type=\"email\" name=\"form_fields[email]\" id=\"form-field-email\" class=\"elementor-field elementor-size-md  elementor-field-textual\" placeholder=\"Ge en giltigt e-post adress\" required=\"required\">\n\t\t\t\t\t\t\t\t\t\t\t<\/div>\n\t\t\t\t\t\t\t\t<div class=\"elementor-field-type-radio elementor-field-group elementor-column elementor-field-group-field_97724de elementor-col-100 elementor-field-required\">\n\t\t\t\t\t\t\t\t\t\t\t\t<label for=\"form-field-field_97724de\" class=\"elementor-field-label\">\n\t\t\t\t\t\t\t\tPrenumera v\u00e5rt nyhetsbrev\t\t\t\t\t\t\t<\/label>\n\t\t\t\t\t\t<div class=\"elementor-field-subgroup  \"><span class=\"elementor-field-option\"><input type=\"radio\" value=\"Ja, jag vill f\u00e5 aktuell information fr\u00e5n Helsinki Jazz rf.\" id=\"form-field-field_97724de-0\" name=\"form_fields[field_97724de]\" required=\"required\"> <label for=\"form-field-field_97724de-0\">Ja, jag vill f\u00e5 aktuell information fr\u00e5n Helsinki Jazz rf.<\/label><\/span><span class=\"elementor-field-option\"><input type=\"radio\" value=\"Nej tack \" id=\"form-field-field_97724de-1\" name=\"form_fields[field_97724de]\" required=\"required\"> <label for=\"form-field-field_97724de-1\">Nej tack <\/label><\/span><\/div>\t\t\t\t<\/div>\n\t\t\t\t\t\t\t\t<div class=\"elementor-field-type-recaptcha_v3 elementor-field-group elementor-column elementor-field-group-field_c9800b3 elementor-col-100 recaptcha_v3-bottomright\">\n\t\t\t\t\t<div class=\"elementor-field\" id=\"form-field-field_c9800b3\"><div class=\"elementor-g-recaptcha\" data-sitekey=\"6Lc-giMcAAAAAD24avfbzhdonqDrswaWuS9bHjw4\" data-type=\"v3\" data-action=\"Form\" data-badge=\"bottomright\" data-size=\"invisible\"><\/div><\/div>\t\t\t\t<\/div>\n\t\t\t\t\t\t\t\t<div class=\"elementor-field-group elementor-column elementor-field-type-submit elementor-col-100 e-form__buttons\">\n\t\t\t\t\t<button class=\"elementor-button elementor-size-sm\" type=\"submit\">\n\t\t\t\t\t\t<span class=\"elementor-button-content-wrapper\">\n\t\t\t\t\t\t\t\t\t\t\t\t\t\t\t\t\t\t\t\t\t\t<span class=\"elementor-button-text\">SKICKA<\/span>\n\t\t\t\t\t\t\t\t\t\t\t\t\t<\/span>\n\t\t\t\t\t<\/button>\n\t\t\t\t<\/div>\n\t\t\t<\/div>\n\t\t<\/form>\n\t\t\t\t\t\t<\/div>\n\t\t\t\t<\/div>\n\t\t\t\t<div class=\"elementor-element elementor-element-0020336 elementor-widget elementor-widget-spacer\" data-id=\"0020336\" data-element_type=\"widget\" data-e-type=\"widget\" data-widget_type=\"spacer.default\">\n\t\t\t\t<div class=\"elementor-widget-container\">\n\t\t\t\t\t\t\t<div class=\"elementor-spacer\">\n\t\t\t<div class=\"elementor-spacer-inner\"><\/div>\n\t\t<\/div>\n\t\t\t\t\t\t<\/div>\n\t\t\t\t<\/div>\n\t\t\t\t\t<\/div>\n\t\t<\/div>\n\t\t\t\t<div class=\"elementor-column elementor-col-33 elementor-top-column elementor-element elementor-element-5eaf8d6\" data-id=\"5eaf8d6\" data-element_type=\"column\" data-e-type=\"column\">\n\t\t\t<div class=\"elementor-widget-wrap elementor-element-populated\">\n\t\t\t\t\t\t<div class=\"elementor-element elementor-element-b56a80f elementor-invisible elementor-widget elementor-widget-image\" data-id=\"b56a80f\" data-element_type=\"widget\" data-e-type=\"widget\" data-settings=\"{&quot;_animation&quot;:&quot;zoomIn&quot;}\" data-widget_type=\"image.default\">\n\t\t\t\t<div class=\"elementor-widget-container\">\n\t\t\t\t\t\t\t\t\t\t\t\t\t\t\t<img fetchpriority=\"high\" decoding=\"async\" width=\"800\" height=\"222\" src=\"https:\/\/helsinkijazz.fi\/wp-content\/uploads\/2021\/05\/helsinki_jazz_logo-1024x284.png\" class=\"attachment-large size-large wp-image-1672\" alt=\"\" srcset=\"https:\/\/helsinkijazz.fi\/wp-content\/uploads\/2021\/05\/helsinki_jazz_logo-1024x284.png 1024w, https:\/\/helsinkijazz.fi\/wp-content\/uploads\/2021\/05\/helsinki_jazz_logo-480x133.png 480w, https:\/\/helsinkijazz.fi\/wp-content\/uploads\/2021\/05\/helsinki_jazz_logo-768x213.png 768w, https:\/\/helsinkijazz.fi\/wp-content\/uploads\/2021\/05\/helsinki_jazz_logo.png 1033w\" sizes=\"(max-width: 800px) 100vw, 800px\" \/>\t\t\t\t\t\t\t\t\t\t\t\t\t\t\t<\/div>\n\t\t\t\t<\/div>\n\t\t\t\t<div class=\"elementor-element elementor-element-3f079b4 elementor-invisible elementor-widget elementor-widget-image\" data-id=\"3f079b4\" data-element_type=\"widget\" data-e-type=\"widget\" data-settings=\"{&quot;_animation&quot;:&quot;zoomIn&quot;,&quot;_animation_delay&quot;:300}\" data-widget_type=\"image.default\">\n\t\t\t\t<div class=\"elementor-widget-container\">\n\t\t\t\t\t\t\t\t\t\t\t\t\t\t\t<img decoding=\"async\" width=\"800\" height=\"207\" src=\"https:\/\/helsinkijazz.fi\/wp-content\/uploads\/2021\/05\/jazzanti-1-1024x265.jpg\" class=\"attachment-large size-large wp-image-1653\" alt=\"\" srcset=\"https:\/\/helsinkijazz.fi\/wp-content\/uploads\/2021\/05\/jazzanti-1-1024x265.jpg 1024w, https:\/\/helsinkijazz.fi\/wp-content\/uploads\/2021\/05\/jazzanti-1-480x124.jpg 480w, https:\/\/helsinkijazz.fi\/wp-content\/uploads\/2021\/05\/jazzanti-1-768x199.jpg 768w, https:\/\/helsinkijazz.fi\/wp-content\/uploads\/2021\/05\/jazzanti-1.jpg 1046w\" sizes=\"(max-width: 800px) 100vw, 800px\" \/>\t\t\t\t\t\t\t\t\t\t\t\t\t\t\t<\/div>\n\t\t\t\t<\/div>\n\t\t\t\t<div class=\"elementor-element elementor-element-eb39722 elementor-invisible elementor-widget elementor-widget-image\" data-id=\"eb39722\" data-element_type=\"widget\" data-e-type=\"widget\" data-settings=\"{&quot;_animation&quot;:&quot;zoomIn&quot;,&quot;_animation_delay&quot;:300}\" data-widget_type=\"image.default\">\n\t\t\t\t<div class=\"elementor-widget-container\">\n\t\t\t\t\t\t\t\t\t\t\t\t\t\t\t\t<a href=\"https:\/\/www.europejazz.net\/\" target=\"_blank\">\n\t\t\t\t\t\t\t<img decoding=\"async\" width=\"340\" height=\"96\" src=\"https:\/\/helsinkijazz.fi\/wp-content\/uploads\/2021\/07\/EJN_logo.png\" class=\"attachment-full size-full wp-image-2340\" alt=\"\" \/>\t\t\t\t\t\t\t\t<\/a>\n\t\t\t\t\t\t\t\t\t\t\t\t\t\t\t<\/div>\n\t\t\t\t<\/div>\n\t\t\t\t<div class=\"elementor-element elementor-element-144877e elementor-invisible elementor-widget elementor-widget-image\" data-id=\"144877e\" data-element_type=\"widget\" data-e-type=\"widget\" data-settings=\"{&quot;_animation&quot;:&quot;zoomIn&quot;,&quot;_animation_delay&quot;:300}\" data-widget_type=\"image.default\">\n\t\t\t\t<div class=\"elementor-widget-container\">\n\t\t\t\t\t\t\t\t\t\t\t\t\t\t\t\t<a href=\"http:\/\/jazzfinland.fi\/jazzliitto\" target=\"_blank\">\n\t\t\t\t\t\t\t<img loading=\"lazy\" decoding=\"async\" width=\"1460\" height=\"483\" src=\"https:\/\/helsinkijazz.fi\/wp-content\/uploads\/2022\/09\/suomenjazzliitto-logo-vaaka-01.png\" class=\"attachment-full size-full wp-image-4217\" alt=\"\" srcset=\"https:\/\/helsinkijazz.fi\/wp-content\/uploads\/2022\/09\/suomenjazzliitto-logo-vaaka-01.png 1460w, https:\/\/helsinkijazz.fi\/wp-content\/uploads\/2022\/09\/suomenjazzliitto-logo-vaaka-01-480x159.png 480w, https:\/\/helsinkijazz.fi\/wp-content\/uploads\/2022\/09\/suomenjazzliitto-logo-vaaka-01-1024x339.png 1024w, https:\/\/helsinkijazz.fi\/wp-content\/uploads\/2022\/09\/suomenjazzliitto-logo-vaaka-01-768x254.png 768w\" sizes=\"(max-width: 1460px) 100vw, 1460px\" \/>\t\t\t\t\t\t\t\t<\/a>\n\t\t\t\t\t\t\t\t\t\t\t\t\t\t\t<\/div>\n\t\t\t\t<\/div>\n\t\t\t\t<div class=\"elementor-element elementor-element-788ba91 elementor-invisible elementor-widget elementor-widget-image\" data-id=\"788ba91\" data-element_type=\"widget\" data-e-type=\"widget\" data-settings=\"{&quot;_animation&quot;:&quot;zoomIn&quot;,&quot;_animation_delay&quot;:300}\" data-widget_type=\"image.default\">\n\t\t\t\t<div class=\"elementor-widget-container\">\n\t\t\t\t\t\t\t\t\t\t\t\t\t\t\t\t<a href=\"https:\/\/www.livefin.fi\/\" target=\"_blank\">\n\t\t\t\t\t\t\t<img loading=\"lazy\" decoding=\"async\" width=\"813\" height=\"182\" src=\"https:\/\/helsinkijazz.fi\/wp-content\/uploads\/2021\/07\/LiveFIN_logo_tausta2-900x400-1.png\" class=\"attachment-full size-full wp-image-2368\" alt=\"\" srcset=\"https:\/\/helsinkijazz.fi\/wp-content\/uploads\/2021\/07\/LiveFIN_logo_tausta2-900x400-1.png 813w, https:\/\/helsinkijazz.fi\/wp-content\/uploads\/2021\/07\/LiveFIN_logo_tausta2-900x400-1-480x107.png 480w, https:\/\/helsinkijazz.fi\/wp-content\/uploads\/2021\/07\/LiveFIN_logo_tausta2-900x400-1-768x172.png 768w\" sizes=\"(max-width: 813px) 100vw, 813px\" \/>\t\t\t\t\t\t\t\t<\/a>\n\t\t\t\t\t\t\t\t\t\t\t\t\t\t\t<\/div>\n\t\t\t\t<\/div>\n\t\t\t\t\t<\/div>\n\t\t<\/div>\n\t\t\t\t\t<\/div>\n\t\t<\/section>\n\t\t\t\t<\/div>\n\t\t","protected":false},"excerpt":{"rendered":"<p>Helsinki Jazz rf Helsinki Jazz rf:s k\u00e4rnverksamhet \u00e4r organisering av jaZZanti-konserter och -evenemang i Helsingfors med olika samarbetspartners. V\u00e5rt konsertprogram best\u00e5r av samtida jazz och improviserad musik skapad av finl\u00e4ndska [&hellip;]<\/p>\n","protected":false},"author":2,"featured_media":1468,"parent":0,"menu_order":0,"comment_status":"closed","ping_status":"closed","template":"elementor_header_footer","meta":{"_monsterinsights_skip_tracking":false,"_monsterinsights_sitenote_active":false,"_monsterinsights_sitenote_note":"","_monsterinsights_sitenote_category":0,"footnotes":""},"class_list":["post-2491","page","type-page","status-publish","has-post-thumbnail","hentry"],"yoast_head":"<!-- This site is optimized with the Yoast SEO plugin v27.3 - https:\/\/yoast.com\/product\/yoast-seo-wordpress\/ -->\n<title>F\u00f6rening - Helsinki Jazz ry<\/title>\n<meta name=\"robots\" content=\"index, follow, max-snippet:-1, max-image-preview:large, max-video-preview:-1\" \/>\n<link rel=\"canonical\" href=\"https:\/\/helsinkijazz.fi\/sv\/forening\/\" \/>\n<meta property=\"og:locale\" content=\"sv_SE\" \/>\n<meta property=\"og:type\" content=\"article\" \/>\n<meta property=\"og:title\" content=\"F\u00f6rening - Helsinki Jazz ry\" \/>\n<meta property=\"og:description\" content=\"Helsinki Jazz rf Helsinki Jazz rf:s k\u00e4rnverksamhet \u00e4r organisering av jaZZanti-konserter och -evenemang i Helsingfors med olika samarbetspartners. V\u00e5rt konsertprogram best\u00e5r av samtida jazz och improviserad musik skapad av finl\u00e4ndska [&hellip;]\" \/>\n<meta property=\"og:url\" content=\"https:\/\/helsinkijazz.fi\/sv\/forening\/\" \/>\n<meta property=\"og:site_name\" content=\"Helsinki Jazz ry\" \/>\n<meta property=\"article:modified_time\" content=\"2025-01-08T07:28:25+00:00\" \/>\n<meta name=\"twitter:card\" content=\"summary_large_image\" \/>\n<meta name=\"twitter:label1\" content=\"Ber\u00e4knad l\u00e4stid\" \/>\n\t<meta name=\"twitter:data1\" content=\"3 minuter\" \/>\n<script type=\"application\/ld+json\" class=\"yoast-schema-graph\">{\"@context\":\"https:\\\/\\\/schema.org\",\"@graph\":[{\"@type\":\"WebPage\",\"@id\":\"https:\\\/\\\/helsinkijazz.fi\\\/sv\\\/forening\\\/\",\"url\":\"https:\\\/\\\/helsinkijazz.fi\\\/sv\\\/forening\\\/\",\"name\":\"F\u00f6rening - Helsinki Jazz ry\",\"isPartOf\":{\"@id\":\"https:\\\/\\\/helsinkijazz.fi\\\/en\\\/#website\"},\"primaryImageOfPage\":{\"@id\":\"https:\\\/\\\/helsinkijazz.fi\\\/sv\\\/forening\\\/#primaryimage\"},\"image\":{\"@id\":\"https:\\\/\\\/helsinkijazz.fi\\\/sv\\\/forening\\\/#primaryimage\"},\"thumbnailUrl\":\"\",\"datePublished\":\"2021-05-29T11:44:48+00:00\",\"dateModified\":\"2025-01-08T07:28:25+00:00\",\"breadcrumb\":{\"@id\":\"https:\\\/\\\/helsinkijazz.fi\\\/sv\\\/forening\\\/#breadcrumb\"},\"inLanguage\":\"sv-SE\",\"potentialAction\":[{\"@type\":\"ReadAction\",\"target\":[\"https:\\\/\\\/helsinkijazz.fi\\\/sv\\\/forening\\\/\"]}]},{\"@type\":\"ImageObject\",\"inLanguage\":\"sv-SE\",\"@id\":\"https:\\\/\\\/helsinkijazz.fi\\\/sv\\\/forening\\\/#primaryimage\",\"url\":\"\",\"contentUrl\":\"\"},{\"@type\":\"BreadcrumbList\",\"@id\":\"https:\\\/\\\/helsinkijazz.fi\\\/sv\\\/forening\\\/#breadcrumb\",\"itemListElement\":[{\"@type\":\"ListItem\",\"position\":1,\"name\":\"Home\",\"item\":\"https:\\\/\\\/helsinkijazz.fi\\\/sv\\\/\"},{\"@type\":\"ListItem\",\"position\":2,\"name\":\"F\u00f6rening\"}]},{\"@type\":\"WebSite\",\"@id\":\"https:\\\/\\\/helsinkijazz.fi\\\/en\\\/#website\",\"url\":\"https:\\\/\\\/helsinkijazz.fi\\\/en\\\/\",\"name\":\"Helsinki Jazz ry\",\"description\":\"\",\"potentialAction\":[{\"@type\":\"SearchAction\",\"target\":{\"@type\":\"EntryPoint\",\"urlTemplate\":\"https:\\\/\\\/helsinkijazz.fi\\\/en\\\/?s={search_term_string}\"},\"query-input\":{\"@type\":\"PropertyValueSpecification\",\"valueRequired\":true,\"valueName\":\"search_term_string\"}}],\"inLanguage\":\"sv-SE\"}]}<\/script>\n<!-- \/ Yoast SEO plugin. -->","yoast_head_json":{"title":"F\u00f6rening - Helsinki Jazz ry","robots":{"index":"index","follow":"follow","max-snippet":"max-snippet:-1","max-image-preview":"max-image-preview:large","max-video-preview":"max-video-preview:-1"},"canonical":"https:\/\/helsinkijazz.fi\/sv\/forening\/","og_locale":"sv_SE","og_type":"article","og_title":"F\u00f6rening - Helsinki Jazz ry","og_description":"Helsinki Jazz rf Helsinki Jazz rf:s k\u00e4rnverksamhet \u00e4r organisering av jaZZanti-konserter och -evenemang i Helsingfors med olika samarbetspartners. V\u00e5rt konsertprogram best\u00e5r av samtida jazz och improviserad musik skapad av finl\u00e4ndska [&hellip;]","og_url":"https:\/\/helsinkijazz.fi\/sv\/forening\/","og_site_name":"Helsinki Jazz ry","article_modified_time":"2025-01-08T07:28:25+00:00","twitter_card":"summary_large_image","twitter_misc":{"Ber\u00e4knad l\u00e4stid":"3 minuter"},"schema":{"@context":"https:\/\/schema.org","@graph":[{"@type":"WebPage","@id":"https:\/\/helsinkijazz.fi\/sv\/forening\/","url":"https:\/\/helsinkijazz.fi\/sv\/forening\/","name":"F\u00f6rening - Helsinki Jazz ry","isPartOf":{"@id":"https:\/\/helsinkijazz.fi\/en\/#website"},"primaryImageOfPage":{"@id":"https:\/\/helsinkijazz.fi\/sv\/forening\/#primaryimage"},"image":{"@id":"https:\/\/helsinkijazz.fi\/sv\/forening\/#primaryimage"},"thumbnailUrl":"","datePublished":"2021-05-29T11:44:48+00:00","dateModified":"2025-01-08T07:28:25+00:00","breadcrumb":{"@id":"https:\/\/helsinkijazz.fi\/sv\/forening\/#breadcrumb"},"inLanguage":"sv-SE","potentialAction":[{"@type":"ReadAction","target":["https:\/\/helsinkijazz.fi\/sv\/forening\/"]}]},{"@type":"ImageObject","inLanguage":"sv-SE","@id":"https:\/\/helsinkijazz.fi\/sv\/forening\/#primaryimage","url":"","contentUrl":""},{"@type":"BreadcrumbList","@id":"https:\/\/helsinkijazz.fi\/sv\/forening\/#breadcrumb","itemListElement":[{"@type":"ListItem","position":1,"name":"Home","item":"https:\/\/helsinkijazz.fi\/sv\/"},{"@type":"ListItem","position":2,"name":"F\u00f6rening"}]},{"@type":"WebSite","@id":"https:\/\/helsinkijazz.fi\/en\/#website","url":"https:\/\/helsinkijazz.fi\/en\/","name":"Helsinki Jazz ry","description":"","potentialAction":[{"@type":"SearchAction","target":{"@type":"EntryPoint","urlTemplate":"https:\/\/helsinkijazz.fi\/en\/?s={search_term_string}"},"query-input":{"@type":"PropertyValueSpecification","valueRequired":true,"valueName":"search_term_string"}}],"inLanguage":"sv-SE"}]}},"_links":{"self":[{"href":"https:\/\/helsinkijazz.fi\/sv\/wp-json\/wp\/v2\/pages\/2491","targetHints":{"allow":["GET"]}}],"collection":[{"href":"https:\/\/helsinkijazz.fi\/sv\/wp-json\/wp\/v2\/pages"}],"about":[{"href":"https:\/\/helsinkijazz.fi\/sv\/wp-json\/wp\/v2\/types\/page"}],"author":[{"embeddable":true,"href":"https:\/\/helsinkijazz.fi\/sv\/wp-json\/wp\/v2\/users\/2"}],"replies":[{"embeddable":true,"href":"https:\/\/helsinkijazz.fi\/sv\/wp-json\/wp\/v2\/comments?post=2491"}],"version-history":[{"count":19,"href":"https:\/\/helsinkijazz.fi\/sv\/wp-json\/wp\/v2\/pages\/2491\/revisions"}],"predecessor-version":[{"id":5508,"href":"https:\/\/helsinkijazz.fi\/sv\/wp-json\/wp\/v2\/pages\/2491\/revisions\/5508"}],"wp:featuredmedia":[{"embeddable":true,"href":"https:\/\/helsinkijazz.fi\/sv\/wp-json\/"}],"wp:attachment":[{"href":"https:\/\/helsinkijazz.fi\/sv\/wp-json\/wp\/v2\/media?parent=2491"}],"curies":[{"name":"wp","href":"https:\/\/api.w.org\/{rel}","templated":true}]}}